{"id":379,"date":"2025-04-19T06:57:57","date_gmt":"2025-04-19T06:57:57","guid":{"rendered":"https:\/\/myeduway.pl\/instructor-registration\/"},"modified":"2025-08-20T13:58:02","modified_gmt":"2025-08-20T11:58:02","slug":"rejestracja-szkoly","status":"publish","type":"page","link":"https:\/\/myeduway.pl\/en\/rejestracja-szkoly\/","title":{"rendered":"Rejestracja szko\u0142y"},"content":{"rendered":"<div id=\"tutor-registration-wrap\">\n\n\t\t\n\t\t<form method=\"post\" enctype=\"multipart\/form-data\" id=\"tutor-registration-form\" action=\"\">\n\n\t\t\t<div class=\"register-section-logo\">\n\t\t\t\t<a href=\"https:\/\/myeduway.pl\/en\/\" rel=\"home\">\n\t\t\t\t\t<img fetchpriority=\"high\" width=\"285\" height=\"286\" src=\"https:\/\/myeduway.pl\/wp-content\/uploads\/2025\/08\/favicon-myeduway.png\" class=\"bb-logo\" alt=\"\" decoding=\"async\" srcset=\"https:\/\/myeduway.pl\/wp-content\/uploads\/2025\/08\/favicon-myeduway.png 285w, https:\/\/myeduway.pl\/wp-content\/uploads\/2025\/08\/favicon-myeduway-150x150.png 150w, https:\/\/myeduway.pl\/wp-content\/uploads\/2025\/08\/favicon-myeduway-50x50.png 50w\" sizes=\"(max-width: 285px) 100vw, 285px\">\t\t\t\t\t<\/a>\n\t\t\t<\/div>\n\n\t\t\t<h3>Zarejestruj swoj\u0105 szko\u0142e na platformie<\/h3>\n\t\t\t<div id=\"message\" class=\"success red\"><p>Rejestrujesz si\u0119 jako szko\u0142a. Po rejestracji zostaniesz przekierowany do wyboru planu subskrypcji.<br>Mo\u017cesz wybra\u0107 14-dniowy bezp\u0142atny okres pr\u00f3bny. <br><br><em>*Je\u015bli jeste\u015b uczniem lub instruktorem, nie rejestruj si\u0119 tutaj - powiniene\u015b otrzyma\u0107 specjalny link rejestracyjny na email od swojej szko\u0142y i za jako pomoc\u0105 si\u0119 zarejestrowa\u0107.<\/em><br><\/p><\/div>\n\n\t\t\t\n\t\t\t<input type=\"hidden\" id=\"_tutor_nonce\" name=\"_tutor_nonce\" value=\"3f19fd26a8\" \/><input type=\"hidden\" name=\"_wp_http_referer\" value=\"\/en\/wp-json\/wp\/v2\/pages\/379\" \/>\t\t\t<input type=\"hidden\" value=\"tutor_register_instructor\" name=\"tutor_action\"\/>\n\n\t\t\t\n\t\t\t<div class=\"tutor-form-row\">\n\t\t\t\t<div class=\"tutor-form-col-6\">\n\t\t\t\t\t<div class=\"tutor-form-group\">\n\t\t\t\t\t\t<label>\n\t\t\t\t\t\t\tFirst Name\t\t\t\t\t\t<\/label>\n\n\t\t\t\t\t\t<input type=\"text\" name=\"first_name\" value=\"\" placeholder=\"First Name\" required autocomplete=\"given-name\">\n\t\t\t\t\t<\/div>\n\t\t\t\t<\/div>\n\n\t\t\t\t<div class=\"tutor-form-col-6\">\n\t\t\t\t\t<div class=\"tutor-form-group\">\n\t\t\t\t\t\t<label>\n\t\t\t\t\t\t\tLast Name\t\t\t\t\t\t<\/label>\n\n\t\t\t\t\t\t<input type=\"text\" name=\"last_name\" value=\"\" placeholder=\"Last Name\" required autocomplete=\"family-name\">\n\t\t\t\t\t<\/div>\n\t\t\t\t<\/div>\n\n\n\t\t\t<\/div>\n\n\t\t\t<div class=\"tutor-form-row\">\n\n\t\t\t\t<div class=\"tutor-form-col-6\">\n\t\t\t\t\t<div class=\"tutor-form-group\">\n\t\t\t\t\t\t<label>\n\t\t\t\t\t\t\tUser Name\t\t\t\t\t\t<\/label>\n\n\t\t\t\t\t\t<input type=\"text\" name=\"user_login\" class=\"tutor_user_name\" value=\"\" placeholder=\"User Name\" required autocomplete=\"username\">\n\t\t\t\t\t<\/div>\n\t\t\t\t<\/div>\n\n\t\t\t\t<div class=\"tutor-form-col-6\">\n\t\t\t\t\t<div class=\"tutor-form-group\">\n\t\t\t\t\t\t<label>\n\t\t\t\t\t\t\tE-Mail\t\t\t\t\t\t<\/label>\n\n\t\t\t\t\t\t<input type=\"text\" name=\"email\" value=\"\" placeholder=\"E-Mail\" required autocomplete=\"email\">\n\t\t\t\t\t<\/div>\n\t\t\t\t<\/div>\n\n\t\t\t<\/div>\n\n\t\t\t<div class=\"tutor-form-row\">\n\t\t\t\t<div class=\"tutor-form-col-12\">\n\t\t\t\t\t<div class=\"tutor-form-group\">\n\t\t\t\t\t\t<label>\n\t\t\t\t\t\t\tNazwa szko\u0142y\/grupy\t\t\t\t\t\t<\/label>\n\t\t\t\t\t\t<input type=\"text\" name=\"school_name\" value=\"\" placeholder=\"Nazwa szko\u0142y\/grupy\">\n\t\t\t\t\t<\/div>\n\t\t\t\t<\/div>\n\t\t\t<\/div>\n\n\t\t\t<div class=\"tutor-form-row\">\n\t\t\t\t<div class=\"tutor-form-col-6\">\n\t\t\t\t\t<div class=\"tutor-form-group\">\n\t\t\t\t\t\t<div class=\"tutor-password-strength-checker\">\n\t\t\t\t\t\t\t<div class=\"tutor-password-field\">\n\t\t\t\t\t\t\t\t<label>\n\t\t\t\t\t\t\t\t\tPassword\t\t\t\t\t\t\t\t<\/label>\n\n\t\t\t\t\t\t\t\t<input class=\"password-checker\" id=\"tutor-new-password\" type=\"password\" name=\"password\" value=\"\" placeholder=\"Password\" required autocomplete=\"new-password\">\n\t\t\t\t\t\t\t\t<span class=\"show-hide-btn\"><\/span>\n\t\t\t\t\t\t\t<\/div>\n\t\t\t\t\t\t\t<div class=\"tutor-password-strength-hint\">\n\t\t\t\t\t\t\t\t<div class=\"indicator\">\n\t\t\t\t\t\t\t\t\t<span class=\"weak\"><\/span>\n\t\t\t\t\t\t\t\t\t<span class=\"medium\"><\/span>\n\t\t\t\t\t\t\t\t\t<span class=\"strong\"><\/span>\n\t\t\t\t\t\t\t\t<\/div>\n\t\t\t\t\t\t\t\t<div class=\"text tutor-fs-7 tutor-color-muted\"><\/div>\n\t\t\t\t\t\t\t<\/div>\n\t\t\t\t\t\t<\/div>\n\t\t\t\t\t<\/div>\n\t\t\t\t<\/div>\n\n\t\t\t\t<div class=\"tutor-form-col-6\">\n\t\t\t\t\t<div class=\"tutor-form-group\">\n\t\t\t\t\t\t<label>\n\t\t\t\t\t\t\tPassword confirmation\t\t\t\t\t\t<\/label>\n\n\t\t\t\t\t\t<div class=\"tutor-form-wrap\">\n\t\t\t\t\t\t\t<span class=\"tutor-validation-icon tutor-icon-mark tutor-color-success tutor-form-icon tutor-form-icon-reverse\" style=\"display: none;\"><\/span>\n\t\t\t\t\t\t\t<input type=\"password\" name=\"password_confirmation\" value=\"\" placeholder=\"Password Confirmation\" required autocomplete=\"new-password\" style=\"margin-bottom: 0;\">\n\t\t\t\t\t\t<\/div>\n\t\t\t\t\t<\/div>\n\t\t\t\t<\/div>\n\t\t\t<\/div>\n\n\t\t\t<div class=\"tutor-form-row\">\n\t\t\t\t<div class=\"tutor-form-col-12\">\n\t\t\t\t\t<div class=\"tutor-form-group\">\n\t\t\t\t\t\t\t\t\t\t\t<\/div>\n\t\t\t\t<\/div>\n\t\t\t<\/div> \n\n\t\t\t\n\t\t\t\n\t\t\t\t\t\t\t<div class=\"tutor-mb-24\">\n\t\t\t\t\tBy signing up, I agree with the website&#039;s <a target=\"_blank\" href=\"https:\/\/myeduway.pl\/en\/regulamin-platformy\/\" title=\"Terms and Conditions\">Terms and Conditions<\/a>\n\t\t\t\t<\/div>\n\t\t\t\n\t\t\t<div>\n\t\t\t\t<button type=\"submit\" name=\"tutor_register_instructor_btn\" value=\"register\" class=\"tutor-btn tutor-btn-primary tutor-btn-block\">Zarejestruj si\u0119<\/button>\n\t\t\t<\/div>\n\t\t\t\n\t\t<input type=\"hidden\" name=\"trp-form-language\" value=\"en\"\/><\/form>\n\t\t\t<\/div>","protected":false},"excerpt":{"rendered":"<p>Zarejestruj swoj\u0105 szko\u0142e na platformie Rejestrujesz si\u0119 jako szko\u0142a. Po rejestracji zostaniesz przekierowany do wyboru planu subskrypcji.Mo\u017cesz wybra\u0107 14-dniowy bezp\u0142atny okres pr\u00f3bny. *Je\u015bli jeste\u015b uczniem&hellip;<\/p>","protected":false},"author":1,"featured_media":0,"parent":0,"menu_order":0,"comment_status":"closed","ping_status":"closed","template":"elementor_canvas","meta":{"pmpro_default_level":"","footnotes":""},"class_list":["post-379","page","type-page","status-publish","hentry","pmpro-has-access"],"yoast_head":"<!-- This site is optimized with the Yoast SEO plugin v26.8 - https:\/\/yoast.com\/product\/yoast-seo-wordpress\/ -->\n<title>Rejestracja szko\u0142y - MyEduWay<\/title>\n<meta name=\"robots\" content=\"index, follow, max-snippet:-1, max-image-preview:large, max-video-preview:-1\" \/>\n<link rel=\"canonical\" href=\"https:\/\/myeduway.pl\/en\/rejestracja-szkoly\/\" \/>\n<meta property=\"og:locale\" content=\"en_US\" \/>\n<meta property=\"og:type\" content=\"article\" \/>\n<meta property=\"og:title\" content=\"Rejestracja szko\u0142y - MyEduWay\" \/>\n<meta property=\"og:description\" content=\"Zarejestruj swoj\u0105 szko\u0142e na platformie Rejestrujesz si\u0119 jako szko\u0142a. Po rejestracji zostaniesz przekierowany do wyboru planu subskrypcji.Mo\u017cesz wybra\u0107 14-dniowy bezp\u0142atny okres pr\u00f3bny. *Je\u015bli jeste\u015b uczniem&hellip;\" \/>\n<meta property=\"og:url\" content=\"https:\/\/myeduway.pl\/en\/rejestracja-szkoly\/\" \/>\n<meta property=\"og:site_name\" content=\"MyEduWay\" \/>\n<meta property=\"article:modified_time\" content=\"2025-08-20T11:58:02+00:00\" \/>\n<meta property=\"og:image\" content=\"https:\/\/myeduway.pl\/wp-content\/uploads\/2025\/08\/favicon-myeduway.png\" \/>\n<meta name=\"twitter:card\" content=\"summary_large_image\" \/>\n<meta name=\"twitter:label1\" content=\"Est. reading time\" \/>\n\t<meta name=\"twitter:data1\" content=\"1 minute\" \/>\n<script type=\"application\/ld+json\" class=\"yoast-schema-graph\">{\"@context\":\"https:\/\/schema.org\",\"@graph\":[{\"@type\":\"WebPage\",\"@id\":\"https:\/\/myeduway.pl\/rejestracja-szkoly\/\",\"url\":\"https:\/\/myeduway.pl\/rejestracja-szkoly\/\",\"name\":\"Rejestracja szko\u0142y - MyEduWay\",\"isPartOf\":{\"@id\":\"https:\/\/myeduway.pl\/#website\"},\"primaryImageOfPage\":{\"@id\":\"https:\/\/myeduway.pl\/rejestracja-szkoly\/#primaryimage\"},\"image\":{\"@id\":\"https:\/\/myeduway.pl\/rejestracja-szkoly\/#primaryimage\"},\"thumbnailUrl\":\"https:\/\/myeduway.pl\/wp-content\/uploads\/2025\/08\/favicon-myeduway.png\",\"datePublished\":\"2025-04-19T06:57:57+00:00\",\"dateModified\":\"2025-08-20T11:58:02+00:00\",\"breadcrumb\":{\"@id\":\"https:\/\/myeduway.pl\/rejestracja-szkoly\/#breadcrumb\"},\"inLanguage\":\"en-US\",\"potentialAction\":[{\"@type\":\"ReadAction\",\"target\":[\"https:\/\/myeduway.pl\/rejestracja-szkoly\/\"]}]},{\"@type\":\"ImageObject\",\"inLanguage\":\"en-US\",\"@id\":\"https:\/\/myeduway.pl\/rejestracja-szkoly\/#primaryimage\",\"url\":\"https:\/\/myeduway.pl\/wp-content\/uploads\/2025\/08\/favicon-myeduway.png\",\"contentUrl\":\"https:\/\/myeduway.pl\/wp-content\/uploads\/2025\/08\/favicon-myeduway.png\"},{\"@type\":\"BreadcrumbList\",\"@id\":\"https:\/\/myeduway.pl\/rejestracja-szkoly\/#breadcrumb\",\"itemListElement\":[{\"@type\":\"ListItem\",\"position\":1,\"name\":\"Strona g\u0142\u00f3wna\",\"item\":\"https:\/\/myeduway.pl\/\"},{\"@type\":\"ListItem\",\"position\":2,\"name\":\"Rejestracja szko\u0142y\"}]},{\"@type\":\"WebSite\",\"@id\":\"https:\/\/myeduway.pl\/#website\",\"url\":\"https:\/\/myeduway.pl\/\",\"name\":\"MyEduWay\",\"description\":\"Platforma szkoleniowa\",\"potentialAction\":[{\"@type\":\"SearchAction\",\"target\":{\"@type\":\"EntryPoint\",\"urlTemplate\":\"https:\/\/myeduway.pl\/?s={search_term_string}\"},\"query-input\":{\"@type\":\"PropertyValueSpecification\",\"valueRequired\":true,\"valueName\":\"search_term_string\"}}],\"inLanguage\":\"en-US\"}]}<\/script>\n<!-- \/ Yoast SEO plugin. -->","yoast_head_json":{"title":"Rejestracja szko\u0142y - MyEduWay","robots":{"index":"index","follow":"follow","max-snippet":"max-snippet:-1","max-image-preview":"max-image-preview:large","max-video-preview":"max-video-preview:-1"},"canonical":"https:\/\/myeduway.pl\/en\/rejestracja-szkoly\/","og_locale":"en_US","og_type":"article","og_title":"Rejestracja szko\u0142y - MyEduWay","og_description":"Zarejestruj swoj\u0105 szko\u0142e na platformie Rejestrujesz si\u0119 jako szko\u0142a. Po rejestracji zostaniesz przekierowany do wyboru planu subskrypcji.Mo\u017cesz wybra\u0107 14-dniowy bezp\u0142atny okres pr\u00f3bny. *Je\u015bli jeste\u015b uczniem&hellip;","og_url":"https:\/\/myeduway.pl\/en\/rejestracja-szkoly\/","og_site_name":"MyEduWay","article_modified_time":"2025-08-20T11:58:02+00:00","og_image":[{"url":"https:\/\/myeduway.pl\/wp-content\/uploads\/2025\/08\/favicon-myeduway.png","type":"","width":"","height":""}],"twitter_card":"summary_large_image","twitter_misc":{"Est. reading time":"1 minute"},"schema":{"@context":"https:\/\/schema.org","@graph":[{"@type":"WebPage","@id":"https:\/\/myeduway.pl\/rejestracja-szkoly\/","url":"https:\/\/myeduway.pl\/rejestracja-szkoly\/","name":"Rejestracja szko\u0142y - MyEduWay","isPartOf":{"@id":"https:\/\/myeduway.pl\/#website"},"primaryImageOfPage":{"@id":"https:\/\/myeduway.pl\/rejestracja-szkoly\/#primaryimage"},"image":{"@id":"https:\/\/myeduway.pl\/rejestracja-szkoly\/#primaryimage"},"thumbnailUrl":"https:\/\/myeduway.pl\/wp-content\/uploads\/2025\/08\/favicon-myeduway.png","datePublished":"2025-04-19T06:57:57+00:00","dateModified":"2025-08-20T11:58:02+00:00","breadcrumb":{"@id":"https:\/\/myeduway.pl\/rejestracja-szkoly\/#breadcrumb"},"inLanguage":"en-US","potentialAction":[{"@type":"ReadAction","target":["https:\/\/myeduway.pl\/rejestracja-szkoly\/"]}]},{"@type":"ImageObject","inLanguage":"en-US","@id":"https:\/\/myeduway.pl\/rejestracja-szkoly\/#primaryimage","url":"https:\/\/myeduway.pl\/wp-content\/uploads\/2025\/08\/favicon-myeduway.png","contentUrl":"https:\/\/myeduway.pl\/wp-content\/uploads\/2025\/08\/favicon-myeduway.png"},{"@type":"BreadcrumbList","@id":"https:\/\/myeduway.pl\/rejestracja-szkoly\/#breadcrumb","itemListElement":[{"@type":"ListItem","position":1,"name":"Strona g\u0142\u00f3wna","item":"https:\/\/myeduway.pl\/"},{"@type":"ListItem","position":2,"name":"Rejestracja szko\u0142y"}]},{"@type":"WebSite","@id":"https:\/\/myeduway.pl\/#website","url":"https:\/\/myeduway.pl\/","name":"MyEduWay","description":"Platforma szkoleniowa","potentialAction":[{"@type":"SearchAction","target":{"@type":"EntryPoint","urlTemplate":"https:\/\/myeduway.pl\/?s={search_term_string}"},"query-input":{"@type":"PropertyValueSpecification","valueRequired":true,"valueName":"search_term_string"}}],"inLanguage":"en-US"}]}},"_links":{"self":[{"href":"https:\/\/myeduway.pl\/en\/wp-json\/wp\/v2\/pages\/379","targetHints":{"allow":["GET"]}}],"collection":[{"href":"https:\/\/myeduway.pl\/en\/wp-json\/wp\/v2\/pages"}],"about":[{"href":"https:\/\/myeduway.pl\/en\/wp-json\/wp\/v2\/types\/page"}],"author":[{"embeddable":true,"href":"https:\/\/myeduway.pl\/en\/wp-json\/wp\/v2\/users\/1"}],"replies":[{"embeddable":true,"href":"https:\/\/myeduway.pl\/en\/wp-json\/wp\/v2\/comments?post=379"}],"version-history":[{"count":8,"href":"https:\/\/myeduway.pl\/en\/wp-json\/wp\/v2\/pages\/379\/revisions"}],"predecessor-version":[{"id":1595,"href":"https:\/\/myeduway.pl\/en\/wp-json\/wp\/v2\/pages\/379\/revisions\/1595"}],"wp:attachment":[{"href":"https:\/\/myeduway.pl\/en\/wp-json\/wp\/v2\/media?parent=379"}],"curies":[{"name":"wp","href":"https:\/\/api.w.org\/{rel}","templated":true}]}}